{"id":299,"date":"2024-05-14T16:14:01","date_gmt":"2024-05-14T14:14:01","guid":{"rendered":"https:\/\/www.tranesnemes.hu\/news-publications\/"},"modified":"2025-10-03T02:34:27","modified_gmt":"2025-10-03T00:34:27","slug":"news-publications","status":"publish","type":"page","link":"https:\/\/www.tranesnemes.hu\/en\/news-publications\/","title":{"rendered":"News, publications"},"content":{"rendered":"<p>[et_pb_section fb_built=&#8221;1&#8243; admin_label=&#8221;section&#8221; _builder_version=&#8221;4.24.0&#8243; _module_preset=&#8221;default&#8221; background_color=&#8221;rgba(0,0,0,0.5)&#8221; background_image=&#8221;https:\/\/www.tranesnemes.hu\/wp-content\/uploads\/2024\/05\/hero.png&#8221; background_position=&#8221;center_right&#8221; background_blend=&#8221;overlay&#8221; custom_padding=&#8221;0px||0px||true|false&#8221; global_colors_info=&#8221;{}&#8221;][et_pb_row column_structure=&#8221;2_5,3_5&#8243; admin_label=&#8221;row&#8221; _builder_version=&#8221;4.24.0&#8243; _module_preset=&#8221;default&#8221; background_size=&#8221;initial&#8221; background_position=&#8221;top_left&#8221; background_repeat=&#8221;repeat&#8221; max_width=&#8221;1920px&#8221; module_alignment=&#8221;center&#8221; global_colors_info=&#8221;{}&#8221;][et_pb_column type=&#8221;2_5&#8243; _builder_version=&#8221;4.16&#8243; _module_preset=&#8221;default&#8221; custom_padding=&#8221;|||&#8221; global_colors_info=&#8221;{}&#8221; custom_padding__hover=&#8221;|||&#8221;][et_pb_text _builder_version=&#8221;4.25.1&#8243; _module_preset=&#8221;default&#8221; text_text_color=&#8221;#FFFFFF&#8221; header_font=&#8221;||||||||&#8221; header_text_color=&#8221;#B1976B&#8221; header_font_size=&#8221;40px&#8221; custom_padding=&#8221;16px||16px||true|false&#8221; hover_enabled=&#8221;0&#8243; global_colors_info=&#8221;{}&#8221; sticky_enabled=&#8221;0&#8243;]<\/p>\n<p>Tran and Nemes Law Association<\/p>\n<h1>News, Publications, Press releases<\/h1>\n<p>[\/et_pb_text][\/et_pb_column][et_pb_column type=&#8221;3_5&#8243; _builder_version=&#8221;4.16&#8243; _module_preset=&#8221;default&#8221; custom_padding=&#8221;|||&#8221; global_colors_info=&#8221;{}&#8221; custom_padding__hover=&#8221;|||&#8221;][\/et_pb_column][\/et_pb_row][\/et_pb_section][et_pb_section fb_built=&#8221;1&#8243; _builder_version=&#8221;4.24.0&#8243; _module_preset=&#8221;default&#8221; background_image=&#8221;https:\/\/www.tranesnemes.hu\/wp-content\/uploads\/2024\/05\/klogo.png&#8221; background_size=&#8221;contain&#8221; background_position=&#8221;bottom_left&#8221; custom_padding=&#8221;20px||20px||true|false&#8221; bottom_divider_color=&#8221;#1D1D1D&#8221; bottom_divider_height=&#8221;50px&#8221; bottom_divider_flip=&#8221;horizontal&#8221; global_colors_info=&#8221;{}&#8221;][et_pb_row column_structure=&#8221;1_2,1_2&#8243; _builder_version=&#8221;4.24.0&#8243; _module_preset=&#8221;default&#8221; global_colors_info=&#8221;{}&#8221;][et_pb_column type=&#8221;1_2&#8243; _builder_version=&#8221;4.24.0&#8243; _module_preset=&#8221;default&#8221; global_colors_info=&#8221;{}&#8221;][dsm_card layout=&#8221;inline&#8221; image=&#8221;https:\/\/www.tranesnemes.hu\/wp-content\/uploads\/2024\/05\/kep1.png&#8221; image_as_background=&#8221;off&#8221; button_url_new_window=&#8221;1&#8243; layout_tablet=&#8221;inline&#8221; layout_phone=&#8221;stacked&#8221; layout_last_edited=&#8221;on|phone&#8221; _builder_version=&#8221;4.25.1&#8243; _dynamic_attributes=&#8221;link_option_url&#8221; _module_preset=&#8221;default&#8221; link_option_url=&#8221;@ET-DC@eyJkeW5hbWljIjp0cnVlLCJjb250ZW50IjoicG9zdF9saW5rX3VybF9wb3N0Iiwic2V0dGluZ3MiOnsicG9zdF9pZCI6IjEwNCIsImVuYWJsZV9odG1sIjoib2ZmIn19@&#8221; global_colors_info=&#8221;{}&#8221;]<\/p>\n<p>How to get started as a lawyer? Stories of three young lawyers \/ The Lawyer Podcast 16. part<\/p>\n<p>[\/dsm_card][dsm_card layout=&#8221;inline&#8221; image=&#8221;https:\/\/www.tranesnemes.hu\/wp-content\/uploads\/2024\/05\/Kepernyokep-2024-03-07-122723.png&#8221; image_as_background=&#8221;off&#8221; button_url_new_window=&#8221;1&#8243; layout_tablet=&#8221;inline&#8221; layout_phone=&#8221;stacked&#8221; layout_last_edited=&#8221;on|phone&#8221; _builder_version=&#8221;4.24.0&#8243; _module_preset=&#8221;default&#8221; link_option_url=&#8221;https:\/\/youtu.be\/JEDWPfSi1MY?si=lWPeggKrlkl3_Dln&#8221; link_option_url_new_window=&#8221;on&#8221; global_colors_info=&#8221;{}&#8221;]<\/p>\n<p>The foster mother of a two-year-old child found dead leaves a suicide note &#8211; H\u00cdR TV<\/p>\n<p>[\/dsm_card][\/et_pb_column][et_pb_column type=&#8221;1_2&#8243; _builder_version=&#8221;4.24.0&#8243; _module_preset=&#8221;default&#8221; global_colors_info=&#8221;{}&#8221;][dsm_card layout=&#8221;inline&#8221; image=&#8221;https:\/\/www.tranesnemes.hu\/wp-content\/uploads\/2024\/05\/kep2.png&#8221; image_as_background=&#8221;off&#8221; button_url_new_window=&#8221;1&#8243; layout_tablet=&#8221;inline&#8221; layout_phone=&#8221;stacked&#8221; layout_last_edited=&#8221;on|phone&#8221; _builder_version=&#8221;4.25.1&#8243; _dynamic_attributes=&#8221;link_option_url&#8221; _module_preset=&#8221;default&#8221; link_option_url=&#8221;@ET-DC@eyJkeW5hbWljIjp0cnVlLCJjb250ZW50IjoicG9zdF9saW5rX3VybF9wb3N0Iiwic2V0dGluZ3MiOnsicG9zdF9pZCI6IjEwMSIsImVuYWJsZV9odG1sIjoib2ZmIn19@&#8221; hover_enabled=&#8221;0&#8243; global_colors_info=&#8221;{}&#8221; sticky_enabled=&#8221;0&#8243;]<\/p>\n<p>The King of Impostors &#8211; The fake priest sold the Nyugati railway station, healed and preached mass<\/p>\n<p>[\/dsm_card][\/et_pb_column][\/et_pb_row][et_pb_row _builder_version=&#8221;4.24.0&#8243; _module_preset=&#8221;default&#8221; width=&#8221;90%&#8221; max_width=&#8221;750px&#8221; custom_padding=&#8221;30px||||false|false&#8221; global_colors_info=&#8221;{}&#8221;][et_pb_column type=&#8221;4_4&#8243; _builder_version=&#8221;4.24.0&#8243; _module_preset=&#8221;default&#8221; global_colors_info=&#8221;{}&#8221;][et_pb_text _builder_version=&#8221;4.24.0&#8243; _module_preset=&#8221;default&#8221; text_text_color=&#8221;#000000&#8243; text_font_size=&#8221;18px&#8221; text_line_height=&#8221;1.2em&#8221; background_enable_color=&#8221;off&#8221; custom_margin=&#8221;0px||10px||false|false&#8221; custom_padding=&#8221;5px||||false|false&#8221; link_option_url=&#8221;https:\/\/ripost.hu\/sztardzsusz\/2020\/02\/megdobbento-ilyen-iteletet-kapott-hien-csaladja?IwAR0SOb8_FHnPSHwVvH2fLtrU7SQoLBoEmo4oxOUB8hJEARyPRsK0gHQNdjI=#google_vignette&#8221; link_option_url_new_window=&#8221;on&#8221; border_width_right=&#8221;7px&#8221; border_width_left=&#8221;7px&#8221; global_colors_info=&#8221;{}&#8221; background__hover_enabled=&#8221;on|desktop&#8221; background_color__hover=&#8221;#B1976B&#8221; background_enable_color__hover=&#8221;on&#8221; text_text_color__hover_enabled=&#8221;on|hover&#8221; text_text_color__hover=&#8221;#FFFFFF&#8221;]<\/p>\n<p style=\"text-align: center;\">The verdict of Hien&#8217;s family &#8211; RIPOST<\/p>\n<p>[\/et_pb_text][et_pb_text _builder_version=&#8221;4.24.0&#8243; _module_preset=&#8221;default&#8221; text_text_color=&#8221;#000000&#8243; text_font_size=&#8221;18px&#8221; text_line_height=&#8221;1.2em&#8221; background_enable_color=&#8221;off&#8221; custom_margin=&#8221;0px||10px||false|false&#8221; custom_padding=&#8221;5px||||false|false&#8221; link_option_url=&#8221;https:\/\/tenyek.hu\/video\/312122_eldugta-fegyveret-a-bergyilkos&#8221; link_option_url_new_window=&#8221;on&#8221; border_width_right=&#8221;7px&#8221; border_width_left=&#8221;7px&#8221; global_colors_info=&#8221;{}&#8221; background__hover_enabled=&#8221;on|desktop&#8221; background_color__hover=&#8221;#B1976B&#8221; background_enable_color__hover=&#8221;on&#8221; text_text_color__hover_enabled=&#8221;on|hover&#8221; text_text_color__hover=&#8221;#FFFFFF&#8221;]<\/p>\n<p style=\"text-align: center;\">The assassin hid his gun &#8211; T\u00c9NYEK<\/p>\n<p>[\/et_pb_text][et_pb_text _builder_version=&#8221;4.24.0&#8243; _module_preset=&#8221;default&#8221; text_text_color=&#8221;#000000&#8243; text_font_size=&#8221;18px&#8221; text_line_height=&#8221;1.2em&#8221; background_enable_color=&#8221;off&#8221; custom_margin=&#8221;0px||10px||false|false&#8221; custom_padding=&#8221;5px||||false|false&#8221; link_option_url=&#8221;https:\/\/tenyek.hu\/video\/kave-ala-rejtettek-a-150-kilonyi-drogot&#8221; link_option_url_new_window=&#8221;on&#8221; border_width_right=&#8221;7px&#8221; border_width_left=&#8221;7px&#8221; global_colors_info=&#8221;{}&#8221; background__hover_enabled=&#8221;on|desktop&#8221; background_color__hover=&#8221;#B1976B&#8221; background_enable_color__hover=&#8221;on&#8221; text_text_color__hover_enabled=&#8221;on|hover&#8221; text_text_color__hover=&#8221;#FFFFFF&#8221;]<\/p>\n<p style=\"text-align: center;\">150 kilos of drugs hidden under coffee &#8211; T\u00c9NYEK<\/p>\n<p>[\/et_pb_text][et_pb_text _builder_version=&#8221;4.24.0&#8243; _module_preset=&#8221;default&#8221; text_text_color=&#8221;#000000&#8243; text_font_size=&#8221;18px&#8221; text_line_height=&#8221;1.2em&#8221; background_enable_color=&#8221;off&#8221; custom_margin=&#8221;0px||10px||false|false&#8221; custom_padding=&#8221;5px||||false|false&#8221; link_option_url=&#8221;https:\/\/tenyek.hu\/video\/utcan-verte-halalra-a-haromgyerekes-apat&#8221; link_option_url_new_window=&#8221;on&#8221; border_width_right=&#8221;7px&#8221; border_width_left=&#8221;7px&#8221; global_colors_info=&#8221;{}&#8221; background__hover_enabled=&#8221;on|desktop&#8221; background_color__hover=&#8221;#B1976B&#8221; background_enable_color__hover=&#8221;on&#8221; text_text_color__hover_enabled=&#8221;on|hover&#8221; text_text_color__hover=&#8221;#FFFFFF&#8221;]<\/p>\n<p style=\"text-align: center;\">Father of three beaten to death in the street &#8211; T\u00c9NYEK<\/p>\n<p>[\/et_pb_text][et_pb_text _builder_version=&#8221;4.24.0&#8243; _module_preset=&#8221;default&#8221; text_text_color=&#8221;#000000&#8243; text_font_size=&#8221;18px&#8221; text_line_height=&#8221;1.2em&#8221; background_enable_color=&#8221;off&#8221; custom_margin=&#8221;0px||10px||false|false&#8221; custom_padding=&#8221;5px||||false|false&#8221; link_option_url=&#8221;https:\/\/tenyek.hu\/video\/ismerosevel-lovette-agyon-a-tacskojat&#8221; link_option_url_new_window=&#8221;on&#8221; border_width_right=&#8221;7px&#8221; border_width_left=&#8221;7px&#8221; global_colors_info=&#8221;{}&#8221; background__hover_enabled=&#8221;on|desktop&#8221; background_color__hover=&#8221;#B1976B&#8221; background_enable_color__hover=&#8221;on&#8221; text_text_color__hover_enabled=&#8221;on|hover&#8221; text_text_color__hover=&#8221;#FFFFFF&#8221;]<\/p>\n<p style=\"text-align: center;\">He beat his dachshund to death with an acquaintance &#8211; T\u00c9NYEK<\/p>\n<p>[\/et_pb_text][et_pb_text _builder_version=&#8221;4.24.0&#8243; _module_preset=&#8221;default&#8221; text_text_color=&#8221;#000000&#8243; text_font_size=&#8221;18px&#8221; text_line_height=&#8221;1.2em&#8221; background_enable_color=&#8221;off&#8221; custom_margin=&#8221;0px||10px||false|false&#8221; custom_padding=&#8221;5px||||false|false&#8221; link_option_url=&#8221;https:\/\/tenyek.hu\/video\/majdnem-200-zal-menekult-a-rendorok-elol&#8221; link_option_url_new_window=&#8221;on&#8221; border_width_right=&#8221;7px&#8221; border_width_left=&#8221;7px&#8221; global_colors_info=&#8221;{}&#8221; background__hover_enabled=&#8221;on|desktop&#8221; background_color__hover=&#8221;#B1976B&#8221; background_enable_color__hover=&#8221;on&#8221; text_text_color__hover_enabled=&#8221;on|hover&#8221; text_text_color__hover=&#8221;#FFFFFF&#8221;]<\/p>\n<p style=\"text-align: center;\">Almost 200 fled from the police &#8211; T\u00c9NYEK<\/p>\n<p>[\/et_pb_text][et_pb_text _builder_version=&#8221;4.24.0&#8243; _module_preset=&#8221;default&#8221; text_text_color=&#8221;#000000&#8243; text_font_size=&#8221;18px&#8221; text_line_height=&#8221;1.2em&#8221; background_enable_color=&#8221;off&#8221; custom_margin=&#8221;0px||10px||false|false&#8221; custom_padding=&#8221;5px||||false|false&#8221; link_option_url=&#8221;https:\/\/tenyek.hu\/video\/ki-fog-fizetni-a-katasztrofaert&#8221; link_option_url_new_window=&#8221;on&#8221; border_width_right=&#8221;7px&#8221; border_width_left=&#8221;7px&#8221; global_colors_info=&#8221;{}&#8221; background__hover_enabled=&#8221;on|desktop&#8221; background_color__hover=&#8221;#B1976B&#8221; background_enable_color__hover=&#8221;on&#8221; text_text_color__hover_enabled=&#8221;on|hover&#8221; text_text_color__hover=&#8221;#FFFFFF&#8221;]<\/p>\n<p style=\"text-align: center;\">Who will pay for the disaster? &#8211; T\u00c9NYEK<\/p>\n<p>[\/et_pb_text][et_pb_text _builder_version=&#8221;4.24.0&#8243; _module_preset=&#8221;default&#8221; text_text_color=&#8221;#000000&#8243; text_font_size=&#8221;18px&#8221; text_line_height=&#8221;1.2em&#8221; background_enable_color=&#8221;off&#8221; custom_margin=&#8221;0px||10px||false|false&#8221; custom_padding=&#8221;5px||||false|false&#8221; link_option_url=&#8221;https:\/\/tenyek.hu\/video\/alrendor-birsagolt-a-sztradan&#8221; link_option_url_new_window=&#8221;on&#8221; border_width_right=&#8221;7px&#8221; border_width_left=&#8221;7px&#8221; global_colors_info=&#8221;{}&#8221; background__hover_enabled=&#8221;on|desktop&#8221; background_color__hover=&#8221;#B1976B&#8221; background_enable_color__hover=&#8221;on&#8221; text_text_color__hover_enabled=&#8221;on|hover&#8221; text_text_color__hover=&#8221;#FFFFFF&#8221;]<\/p>\n<p style=\"text-align: center;\">False police officer fined on the motorway &#8211; T\u00c9NYEK<\/p>\n<p>[\/et_pb_text][et_pb_text _builder_version=&#8221;4.24.0&#8243; _module_preset=&#8221;default&#8221; text_text_color=&#8221;#000000&#8243; text_font_size=&#8221;18px&#8221; text_line_height=&#8221;1.2em&#8221; background_enable_color=&#8221;off&#8221; custom_margin=&#8221;0px||10px||false|false&#8221; custom_padding=&#8221;5px||||false|false&#8221; link_option_url=&#8221;https:\/\/www.blikk.hu\/gazdasag\/penz\/vegrehajtas-30-eves-tartozas-saringer-karoly\/hg6v0f1&#8243; link_option_url_new_window=&#8221;on&#8221; border_width_right=&#8221;7px&#8221; border_width_left=&#8221;7px&#8221; global_colors_info=&#8221;{}&#8221; background__hover_enabled=&#8221;on|desktop&#8221; background_color__hover=&#8221;#B1976B&#8221; background_enable_color__hover=&#8221;on&#8221; text_text_color__hover_enabled=&#8221;on|hover&#8221; text_text_color__hover=&#8221;#FFFFFF&#8221;]<\/p>\n<p style=\"text-align: center;\">They want to collect a 30-year debt from the TV host &#8211; K\u00e1roly S\u00e1ringer&#8217;s car and his land were seized &#8211; BLIKK<\/p>\n<p>[\/et_pb_text][et_pb_text _builder_version=&#8221;4.24.0&#8243; _module_preset=&#8221;default&#8221; text_text_color=&#8221;#000000&#8243; text_font_size=&#8221;18px&#8221; text_line_height=&#8221;1.2em&#8221; background_enable_color=&#8221;off&#8221; custom_margin=&#8221;0px||10px||false|false&#8221; custom_padding=&#8221;5px||||false|false&#8221; link_option_url=&#8221;blikk.hu\/aktualis\/krimi\/hangok-gyilkossag-keseles\/06nr5s3&#8243; link_option_url_new_window=&#8221;on&#8221; border_width_right=&#8221;7px&#8221; border_width_left=&#8221;7px&#8221; global_colors_info=&#8221;{}&#8221; background__hover_enabled=&#8221;on|desktop&#8221; background_color__hover=&#8221;#B1976B&#8221; background_enable_color__hover=&#8221;on&#8221; text_text_color__hover_enabled=&#8221;on|hover&#8221; text_text_color__hover=&#8221;#FFFFFF&#8221;]<\/p>\n<p style=\"text-align: center;\">Voices whispered to Csaba to kill his mother in the XVI. district &#8211; Catherine stabbed to death in her sleep by her hallucinating son &#8211; BLIKK<\/p>\n<p>[\/et_pb_text][\/et_pb_column][\/et_pb_row][\/et_pb_section]<\/p>\n","protected":false},"excerpt":{"rendered":"<p>Tran and Nemes Law Association News, Publications, Press releases<div class=\"et_pb_module dsm_card dsm_card_0 et_pb_bg_layout_light  dsm_card_layout_inline dsm_card_phone_layout_stacked\">\n\t\t\t\t\n\t\t\t\t\n\t\t\t\t\n\t\t\t\t\n\t\t\t\t\n\t\t\t\t\n\t\t\t\t<div class=\"et_pb_module_inner\">\n\t\t\t\t\t\n\t\t\t\n\t\t\t<figure class=\"dsm_card_image_wrapper dsm_card_badge_top_right\"><img decoding=\"async\" src=\"https:\/\/www.tranesnemes.hu\/wp-content\/uploads\/2024\/05\/kep1.png\" alt=\"\" srcset=\"https:\/\/www.tranesnemes.hu\/wp-content\/uploads\/2024\/05\/kep1.png 1117w, https:\/\/www.tranesnemes.hu\/wp-content\/uploads\/2024\/05\/kep1-980x554.png 980w, https:\/\/www.tranesnemes.hu\/wp-content\/uploads\/2024\/05\/kep1-480x271.png 480w\" sizes=\"(min-width: 0px) and (max-width: 480px) 480px, (min-width: 481px) and (max-width: 980px) 980px, (min-width: 981px) 1117px, 100vw\" class=\"dsm_card_img\" \/><\/figure>\n\t\t\t<div class=\"et_pb_module dsm_card_wrapper et_pb_text_align_left\">\n\t\t\t\t\t\n\t\t\t\t\t\n\t\t\t\t\t\n\t\t\t\t\t<div class=\"dsm_card_description\">How to get started as a lawyer? Stories of three young lawyers \/ The Lawyer Podcast 16. part<\/div>\n\t\t\t\t\t\n\t\t\t\t<\/div>\n\t\t\t\n\t\t\t\t<\/div>\n\t\t\t<\/div><div class=\"et_pb_module dsm_card dsm_card_1 et_clickable et_pb_bg_layout_light  dsm_card_layout_inline dsm_card_phone_layout_stacked\">\n\t\t\t\t\n\t\t\t\t\n\t\t\t\t\n\t\t\t\t\n\t\t\t\t\n\t\t\t\t\n\t\t\t\t<div class=\"et_pb_module_inner\">\n\t\t\t\t\t\n\t\t\t\n\t\t\t<figure class=\"dsm_card_image_wrapper dsm_card_badge_top_right\"><img decoding=\"async\" src=\"https:\/\/www.tranesnemes.hu\/wp-content\/uploads\/2024\/05\/Kepernyokep-2024-03-07-122723.png\" alt=\"\" srcset=\"https:\/\/www.tranesnemes.hu\/wp-content\/uploads\/2024\/05\/Kepernyokep-2024-03-07-122723.png 535w, https:\/\/www.tranesnemes.hu\/wp-content\/uploads\/2024\/05\/Kepernyokep-2024-03-07-122723-480x266.png 480w\" sizes=\"(min-width: 0px) and (max-width: 480px) 480px, (min-width: 481px) 535px, 100vw\" class=\"dsm_card_img\" \/><\/figure>\n\t\t\t\n\t\t\t\n\t\t\t\t<\/div>\n\t\t\t<\/div>The foster mother of a two-year-old [&hellip;]<\/p>\n","protected":false},"author":1,"featured_media":0,"parent":0,"menu_order":0,"comment_status":"closed","ping_status":"closed","template":"","meta":{"_et_pb_use_builder":"on","_et_pb_old_content":"","_et_gb_content_width":"","footnotes":""},"class_list":["post-299","page","type-page","status-publish","hentry"],"yoast_head":"<!-- This site is optimized with the Yoast SEO Premium plugin v23.1 (Yoast SEO v23.1) - https:\/\/yoast.com\/wordpress\/plugins\/seo\/ -->\n<title>News, publications - Tran \u00e9s Nemes \u00dcgyv\u00e9di Iroda<\/title>\n<meta name=\"robots\" content=\"index, follow, max-snippet:-1, max-image-preview:large, max-video-preview:-1\" \/>\n<link rel=\"canonical\" href=\"https:\/\/www.tranesnemes.hu\/en\/news-publications\/\" \/>\n<meta property=\"og:locale\" content=\"en_US\" \/>\n<meta property=\"og:type\" content=\"article\" \/>\n<meta property=\"og:title\" content=\"News, publications\" \/>\n<meta property=\"og:description\" content=\"Tran and Nemes Law Association News, Publications, Press releasesThe foster mother of a two-year-old [&hellip;]\" \/>\n<meta property=\"og:url\" content=\"https:\/\/www.tranesnemes.hu\/en\/news-publications\/\" \/>\n<meta property=\"og:site_name\" content=\"Tran \u00e9s Nemes \u00dcgyv\u00e9di Iroda\" \/>\n<meta property=\"article:modified_time\" content=\"2025-10-03T00:34:27+00:00\" \/>\n<meta name=\"twitter:card\" content=\"summary_large_image\" \/>\n<meta name=\"twitter:label1\" content=\"Est. reading time\" \/>\n\t<meta name=\"twitter:data1\" content=\"8 minutes\" \/>\n<script type=\"application\/ld+json\" class=\"yoast-schema-graph\">{\"@context\":\"https:\/\/schema.org\",\"@graph\":[{\"@type\":\"WebPage\",\"@id\":\"https:\/\/www.tranesnemes.hu\/en\/news-publications\/\",\"url\":\"https:\/\/www.tranesnemes.hu\/en\/news-publications\/\",\"name\":\"News, publications - Tran \u00e9s Nemes \u00dcgyv\u00e9di Iroda\",\"isPartOf\":{\"@id\":\"https:\/\/www.tranesnemes.hu\/#website\"},\"datePublished\":\"2024-05-14T14:14:01+00:00\",\"dateModified\":\"2025-10-03T00:34:27+00:00\",\"breadcrumb\":{\"@id\":\"https:\/\/www.tranesnemes.hu\/en\/news-publications\/#breadcrumb\"},\"inLanguage\":\"en-US\",\"potentialAction\":[{\"@type\":\"ReadAction\",\"target\":[\"https:\/\/www.tranesnemes.hu\/en\/news-publications\/\"]}]},{\"@type\":\"BreadcrumbList\",\"@id\":\"https:\/\/www.tranesnemes.hu\/en\/news-publications\/#breadcrumb\",\"itemListElement\":[{\"@type\":\"ListItem\",\"position\":1,\"name\":\"Kezd\u0151lap\",\"item\":\"https:\/\/www.tranesnemes.hu\/en\/\"},{\"@type\":\"ListItem\",\"position\":2,\"name\":\"News, publications\"}]},{\"@type\":\"WebSite\",\"@id\":\"https:\/\/www.tranesnemes.hu\/#website\",\"url\":\"https:\/\/www.tranesnemes.hu\/\",\"name\":\"Tran \u00e9s Nemes \u00dcgyv\u00e9di Iroda\",\"description\":\"\",\"potentialAction\":[{\"@type\":\"SearchAction\",\"target\":{\"@type\":\"EntryPoint\",\"urlTemplate\":\"https:\/\/www.tranesnemes.hu\/?s={search_term_string}\"},\"query-input\":\"required name=search_term_string\"}],\"inLanguage\":\"en-US\"}]}<\/script>\n<!-- \/ Yoast SEO Premium plugin. -->","yoast_head_json":{"title":"News, publications - Tran \u00e9s Nemes \u00dcgyv\u00e9di Iroda","robots":{"index":"index","follow":"follow","max-snippet":"max-snippet:-1","max-image-preview":"max-image-preview:large","max-video-preview":"max-video-preview:-1"},"canonical":"https:\/\/www.tranesnemes.hu\/en\/news-publications\/","og_locale":"en_US","og_type":"article","og_title":"News, publications","og_description":"Tran and Nemes Law Association News, Publications, Press releasesThe foster mother of a two-year-old [&hellip;]","og_url":"https:\/\/www.tranesnemes.hu\/en\/news-publications\/","og_site_name":"Tran \u00e9s Nemes \u00dcgyv\u00e9di Iroda","article_modified_time":"2025-10-03T00:34:27+00:00","twitter_card":"summary_large_image","twitter_misc":{"Est. reading time":"8 minutes"},"schema":{"@context":"https:\/\/schema.org","@graph":[{"@type":"WebPage","@id":"https:\/\/www.tranesnemes.hu\/en\/news-publications\/","url":"https:\/\/www.tranesnemes.hu\/en\/news-publications\/","name":"News, publications - Tran \u00e9s Nemes \u00dcgyv\u00e9di Iroda","isPartOf":{"@id":"https:\/\/www.tranesnemes.hu\/#website"},"datePublished":"2024-05-14T14:14:01+00:00","dateModified":"2025-10-03T00:34:27+00:00","breadcrumb":{"@id":"https:\/\/www.tranesnemes.hu\/en\/news-publications\/#breadcrumb"},"inLanguage":"en-US","potentialAction":[{"@type":"ReadAction","target":["https:\/\/www.tranesnemes.hu\/en\/news-publications\/"]}]},{"@type":"BreadcrumbList","@id":"https:\/\/www.tranesnemes.hu\/en\/news-publications\/#breadcrumb","itemListElement":[{"@type":"ListItem","position":1,"name":"Kezd\u0151lap","item":"https:\/\/www.tranesnemes.hu\/en\/"},{"@type":"ListItem","position":2,"name":"News, publications"}]},{"@type":"WebSite","@id":"https:\/\/www.tranesnemes.hu\/#website","url":"https:\/\/www.tranesnemes.hu\/","name":"Tran \u00e9s Nemes \u00dcgyv\u00e9di Iroda","description":"","potentialAction":[{"@type":"SearchAction","target":{"@type":"EntryPoint","urlTemplate":"https:\/\/www.tranesnemes.hu\/?s={search_term_string}"},"query-input":"required name=search_term_string"}],"inLanguage":"en-US"}]}},"_links":{"self":[{"href":"https:\/\/www.tranesnemes.hu\/en\/wp-json\/wp\/v2\/pages\/299","targetHints":{"allow":["GET"]}}],"collection":[{"href":"https:\/\/www.tranesnemes.hu\/en\/wp-json\/wp\/v2\/pages"}],"about":[{"href":"https:\/\/www.tranesnemes.hu\/en\/wp-json\/wp\/v2\/types\/page"}],"author":[{"embeddable":true,"href":"https:\/\/www.tranesnemes.hu\/en\/wp-json\/wp\/v2\/users\/1"}],"replies":[{"embeddable":true,"href":"https:\/\/www.tranesnemes.hu\/en\/wp-json\/wp\/v2\/comments?post=299"}],"version-history":[{"count":1,"href":"https:\/\/www.tranesnemes.hu\/en\/wp-json\/wp\/v2\/pages\/299\/revisions"}],"predecessor-version":[{"id":385,"href":"https:\/\/www.tranesnemes.hu\/en\/wp-json\/wp\/v2\/pages\/299\/revisions\/385"}],"wp:attachment":[{"href":"https:\/\/www.tranesnemes.hu\/en\/wp-json\/wp\/v2\/media?parent=299"}],"curies":[{"name":"wp","href":"https:\/\/api.w.org\/{rel}","templated":true}]}}